{"id":27,"date":"2022-10-21T14:53:50","date_gmt":"2022-10-21T11:53:50","guid":{"rendered":"http:\/\/strongest.fi\/?page_id=27"},"modified":"2026-02-02T14:26:19","modified_gmt":"2026-02-02T12:26:19","slug":"yhteystiedot","status":"publish","type":"page","link":"https:\/\/strongest.fi\/en\/yhteystiedot\/","title":{"rendered":"Contact Us"},"content":{"rendered":"<section class=\"section\" id=\"section_453279415\">\n\t\t<div class=\"bg section-bg fill bg-fill  bg-loaded\" >\n\n\t\t\t\n\t\t\t\n\t\t\t\n\n\t\t<\/div>\n\n\t\t\n\n\t\t<div class=\"section-content relative\">\n\t\t\t\n\n<div class=\"row\" style=\"max-width:1000px\" id=\"row-2131124430\">\n\n\n\t<div id=\"col-193570962\" class=\"col medium-6 small-12 large-6\"  >\n\t\t\t\t<div class=\"col-inner\"  >\n\t\t\t\n\t\t\t\n\n<h2>Reach out to us!\u00a0<\/h2>\n<p class=\"is-style-default\">Tomi Tolonen<br \/>+358 45 205 4747<br \/>info@strongest.fi<\/p>\n<h2>Tai varaa aika alta Teron kanssa<\/h2>\n<div class=\"wp-block-spacer\" aria-hidden=\"true\">\u00a0<\/div>\n<p>\u00a0<\/p>\n\n\n<!-- Start of Meetings Embed Script -->\n    <div class=\"meetings-iframe-container\" data-src=\"https:\/\/meetings-eu1.hubspot.com\/tero-jaervi?uuid=7ed869ad-64b9-42af-9e5b-00f7e4991b32?embed=true\"><\/div>\n    <script type=\"text\/javascript\" src=\"https:\/\/static.hsappstatic.net\/MeetingsEmbed\/ex\/MeetingsEmbedCode.js\"><\/script>\n  <!-- End of Meetings Embed Script -->\n\n\n\t\t<\/div>\n\t\t\t\t\n<style>\n#col-193570962 > .col-inner {\n  padding: 40px 40px 40px 40px;\n}\n<\/style>\n\t<\/div>\n\n\t\n\n\t<div id=\"col-1926539114\" class=\"col medium-6 small-12 large-6\"  >\n\t\t\t\t<div class=\"col-inner\"  >\n\t\t\t\n\t\t\t\n\n\n\n<script charset=\"utf-8\" type=\"text\/javascript\" src=\"\/\/js-eu1.hsforms.net\/forms\/embed\/v2.js\"><\/script>\n<script>\n  hbspt.forms.create({\n    region: \"eu1\",\n    portalId: \"25554640\",\n    formId: \"6003bf77-86eb-4d7b-91ef-7b193e2ccdf2\"\n  });\n<\/script>\n\n\n\t\t<\/div>\n\t\t\t\t\n<style>\n#col-1926539114 > .col-inner {\n  padding: 40px 40px 40px 40px;\n}\n<\/style>\n\t<\/div>\n\n\t\n\n\n<style>\n#row-2131124430 > .col > .col-inner {\n  padding: 50px 0px 0px 0px;\n}\n<\/style>\n<\/div>\n\n\t\t<\/div>\n\n\t\t\n<style>\n#section_453279415 {\n  padding-top: 30px;\n  padding-bottom: 30px;\n}\n#section_453279415 .ux-shape-divider--top svg {\n  height: 150px;\n  --divider-top-width: 100%;\n}\n#section_453279415 .ux-shape-divider--bottom svg {\n  height: 150px;\n  --divider-width: 100%;\n}\n<\/style>\n\t<\/section>","protected":false},"excerpt":{"rendered":"","protected":false},"author":2,"featured_media":0,"parent":0,"menu_order":0,"comment_status":"closed","ping_status":"closed","template":"page-blank.php","meta":{"content-type":"","inline_featured_image":false,"_monsterinsights_skip_tracking":false,"_monsterinsights_sitenote_active":false,"_monsterinsights_sitenote_note":"","_monsterinsights_sitenote_category":0,"footnotes":""},"class_list":["post-27","page","type-page","status-publish","hentry"],"yoast_head":"<!-- This site is optimized with the Yoast SEO plugin v27.3 - https:\/\/yoast.com\/product\/yoast-seo-wordpress\/ -->\n<title>Yhteystiedot - Strongest Group<\/title>\n<meta name=\"description\" content=\"Ota meihin yhteytt\u00e4 s\u00e4hk\u00f6postilla tai soittamalla, tai vaikka LinkedIniss\u00e4! T\u00e4\u00e4lt\u00e4 l\u00f6yd\u00e4t meid\u00e4n yhteystiedot.\" \/>\n<meta name=\"robots\" content=\"index, follow, max-snippet:-1, max-image-preview:large, max-video-preview:-1\" \/>\n<link rel=\"canonical\" href=\"https:\/\/strongest.fi\/en\/yhteystiedot\/\" \/>\n<meta property=\"og:locale\" content=\"en_US\" \/>\n<meta property=\"og:type\" content=\"article\" \/>\n<meta property=\"og:title\" content=\"Yhteystiedot - Strongest Group\" \/>\n<meta property=\"og:description\" content=\"Ota meihin yhteytt\u00e4 s\u00e4hk\u00f6postilla tai soittamalla, tai vaikka LinkedIniss\u00e4! T\u00e4\u00e4lt\u00e4 l\u00f6yd\u00e4t meid\u00e4n yhteystiedot.\" \/>\n<meta property=\"og:url\" content=\"https:\/\/strongest.fi\/en\/yhteystiedot\/\" \/>\n<meta property=\"og:site_name\" content=\"Strongest\" \/>\n<meta property=\"article:modified_time\" content=\"2026-02-02T12:26:19+00:00\" \/>\n<meta name=\"twitter:card\" content=\"summary_large_image\" \/>\n<meta name=\"twitter:label1\" content=\"Est. reading time\" \/>\n\t<meta name=\"twitter:data1\" content=\"1 minute\" \/>\n<script type=\"application\/ld+json\" class=\"yoast-schema-graph\">{\"@context\":\"https:\\\/\\\/schema.org\",\"@graph\":[{\"@type\":\"WebPage\",\"@id\":\"https:\\\/\\\/strongest.fi\\\/yhteystiedot\\\/\",\"url\":\"https:\\\/\\\/strongest.fi\\\/yhteystiedot\\\/\",\"name\":\"Yhteystiedot - Strongest Group\",\"isPartOf\":{\"@id\":\"https:\\\/\\\/strongest.fi\\\/#website\"},\"datePublished\":\"2022-10-21T11:53:50+00:00\",\"dateModified\":\"2026-02-02T12:26:19+00:00\",\"description\":\"Ota meihin yhteytt\u00e4 s\u00e4hk\u00f6postilla tai soittamalla, tai vaikka LinkedIniss\u00e4! T\u00e4\u00e4lt\u00e4 l\u00f6yd\u00e4t meid\u00e4n yhteystiedot.\",\"breadcrumb\":{\"@id\":\"https:\\\/\\\/strongest.fi\\\/yhteystiedot\\\/#breadcrumb\"},\"inLanguage\":\"en-US\",\"potentialAction\":[{\"@type\":\"ReadAction\",\"target\":[\"https:\\\/\\\/strongest.fi\\\/yhteystiedot\\\/\"]}]},{\"@type\":\"BreadcrumbList\",\"@id\":\"https:\\\/\\\/strongest.fi\\\/yhteystiedot\\\/#breadcrumb\",\"itemListElement\":[{\"@type\":\"ListItem\",\"position\":1,\"name\":\"Etusivu\",\"item\":\"https:\\\/\\\/strongest.fi\\\/\"},{\"@type\":\"ListItem\",\"position\":2,\"name\":\"Yhteystiedot\"}]},{\"@type\":\"WebSite\",\"@id\":\"https:\\\/\\\/strongest.fi\\\/#website\",\"url\":\"https:\\\/\\\/strongest.fi\\\/\",\"name\":\"Strongest Group\",\"description\":\"B2B asiakashankinnan asiantuntijatalo\",\"potentialAction\":[{\"@type\":\"SearchAction\",\"target\":{\"@type\":\"EntryPoint\",\"urlTemplate\":\"https:\\\/\\\/strongest.fi\\\/?s={search_term_string}\"},\"query-input\":{\"@type\":\"PropertyValueSpecification\",\"valueRequired\":true,\"valueName\":\"search_term_string\"}}],\"inLanguage\":\"en-US\"}]}<\/script>\n<!-- \/ Yoast SEO plugin. -->","yoast_head_json":{"title":"Yhteystiedot - Strongest Group","description":"Ota meihin yhteytt\u00e4 s\u00e4hk\u00f6postilla tai soittamalla, tai vaikka LinkedIniss\u00e4! T\u00e4\u00e4lt\u00e4 l\u00f6yd\u00e4t meid\u00e4n yhteystiedot.","robots":{"index":"index","follow":"follow","max-snippet":"max-snippet:-1","max-image-preview":"max-image-preview:large","max-video-preview":"max-video-preview:-1"},"canonical":"https:\/\/strongest.fi\/en\/yhteystiedot\/","og_locale":"en_US","og_type":"article","og_title":"Yhteystiedot - Strongest Group","og_description":"Ota meihin yhteytt\u00e4 s\u00e4hk\u00f6postilla tai soittamalla, tai vaikka LinkedIniss\u00e4! T\u00e4\u00e4lt\u00e4 l\u00f6yd\u00e4t meid\u00e4n yhteystiedot.","og_url":"https:\/\/strongest.fi\/en\/yhteystiedot\/","og_site_name":"Strongest","article_modified_time":"2026-02-02T12:26:19+00:00","twitter_card":"summary_large_image","twitter_misc":{"Est. reading time":"1 minute"},"schema":{"@context":"https:\/\/schema.org","@graph":[{"@type":"WebPage","@id":"https:\/\/strongest.fi\/yhteystiedot\/","url":"https:\/\/strongest.fi\/yhteystiedot\/","name":"Yhteystiedot - Strongest Group","isPartOf":{"@id":"https:\/\/strongest.fi\/#website"},"datePublished":"2022-10-21T11:53:50+00:00","dateModified":"2026-02-02T12:26:19+00:00","description":"Ota meihin yhteytt\u00e4 s\u00e4hk\u00f6postilla tai soittamalla, tai vaikka LinkedIniss\u00e4! T\u00e4\u00e4lt\u00e4 l\u00f6yd\u00e4t meid\u00e4n yhteystiedot.","breadcrumb":{"@id":"https:\/\/strongest.fi\/yhteystiedot\/#breadcrumb"},"inLanguage":"en-US","potentialAction":[{"@type":"ReadAction","target":["https:\/\/strongest.fi\/yhteystiedot\/"]}]},{"@type":"BreadcrumbList","@id":"https:\/\/strongest.fi\/yhteystiedot\/#breadcrumb","itemListElement":[{"@type":"ListItem","position":1,"name":"Etusivu","item":"https:\/\/strongest.fi\/"},{"@type":"ListItem","position":2,"name":"Yhteystiedot"}]},{"@type":"WebSite","@id":"https:\/\/strongest.fi\/#website","url":"https:\/\/strongest.fi\/","name":"Strongest Group","description":"B2B asiakashankinnan asiantuntijatalo","potentialAction":[{"@type":"SearchAction","target":{"@type":"EntryPoint","urlTemplate":"https:\/\/strongest.fi\/?s={search_term_string}"},"query-input":{"@type":"PropertyValueSpecification","valueRequired":true,"valueName":"search_term_string"}}],"inLanguage":"en-US"}]}},"_links":{"self":[{"href":"https:\/\/strongest.fi\/en\/wp-json\/wp\/v2\/pages\/27","targetHints":{"allow":["GET"]}}],"collection":[{"href":"https:\/\/strongest.fi\/en\/wp-json\/wp\/v2\/pages"}],"about":[{"href":"https:\/\/strongest.fi\/en\/wp-json\/wp\/v2\/types\/page"}],"author":[{"embeddable":true,"href":"https:\/\/strongest.fi\/en\/wp-json\/wp\/v2\/users\/2"}],"replies":[{"embeddable":true,"href":"https:\/\/strongest.fi\/en\/wp-json\/wp\/v2\/comments?post=27"}],"version-history":[{"count":36,"href":"https:\/\/strongest.fi\/en\/wp-json\/wp\/v2\/pages\/27\/revisions"}],"predecessor-version":[{"id":1738,"href":"https:\/\/strongest.fi\/en\/wp-json\/wp\/v2\/pages\/27\/revisions\/1738"}],"wp:attachment":[{"href":"https:\/\/strongest.fi\/en\/wp-json\/wp\/v2\/media?parent=27"}],"curies":[{"name":"wp","href":"https:\/\/api.w.org\/{rel}","templated":true}]}}