{"id":3,"date":"2022-10-18T13:51:18","date_gmt":"2022-10-18T10:51:18","guid":{"rendered":"http:\/\/strongest.fi\/?page_id=3"},"modified":"2023-04-03T09:49:08","modified_gmt":"2023-04-03T06:49:08","slug":"tietosuojaseloste","status":"publish","type":"page","link":"https:\/\/strongest.fi\/en\/tietosuojaseloste\/","title":{"rendered":"Privacy statement"},"content":{"rendered":"\n<p>Tietosuojalain (5.12.2018\/1050.) ja EU:n tietosuoja-asetuksen (2016\/679) mukainen yhdistetty rekisteri- ja tietosuojaseloste.<\/p>\n\n\n\n<p><strong>Rekisterinpit\u00e4j\u00e4<\/strong><\/p>\n\n\n\n<p>Strongest Group Oy (j\u00e4ljemp\u00e4n\u00e4 \u201cStrongest Group\u201d)<\/p>\n\n\n\n<p>Y-tunnus 3214681-3 3214681-3<\/p>\n\n\n\n<p>It\u00e4merenkatu 1, 00180 Helsinki&nbsp;<\/p>\n\n\n\n<p><strong>Yhteystiedot rekisteri\u00e4 koskevissa asioissa<\/strong><\/p>\n\n\n\n<p>Strongest Groupin tietosuojavastaava:[AA1] &nbsp;tietosuoja@strongest.fi<\/p>\n\n\n\n<p><strong>Rekisterin nimi<\/strong><\/p>\n\n\n\n<p>Strongest Groupin p\u00e4\u00e4tt\u00e4j\u00e4tietorekisteri<\/p>\n\n\n\n<p><strong>Rekisterin k\u00e4ytt\u00f6tarkoitus<\/strong>&nbsp;<\/p>\n\n\n\n<p>Henkil\u00f6tietoja voidaan k\u00e4ytt\u00e4\u00e4 seuraaviin muihin lain ja suostumusten mukaisiin k\u00e4ytt\u00f6tarkoituksiin:<\/p>\n\n\n\n<p>\u00b7&nbsp; &nbsp; &nbsp; &nbsp; Henkil\u00f6tietoja k\u00e4ytet\u00e4\u00e4n asiakassuhteen hoitamiseen, hallintaan, kehitt\u00e4miseen, tilastointiin ja markkinointiin.&nbsp;<\/p>\n\n\n\n<p><strong>Rekisterin tietosis\u00e4lt\u00f6<\/strong>&nbsp;<\/p>\n\n\n\n<ul class=\"wp-block-list\">\n<li>Etu- ja sukunimi<\/li>\n\n\n\n<li>Titteli<\/li>\n\n\n\n<li>Puhelinnumero<\/li>\n\n\n\n<li>S\u00e4hk\u00f6postiosoite<\/li>\n\n\n\n<li>Henkil\u00f6iden kanssa k\u00e4ytyjen puheluiden \u00e4\u00e4nitallenteet<\/li>\n\n\n\n<li>Tiedot henkil\u00f6lle soitetuista puheluista<\/li>\n\n\n\n<li>Muiden tietojen perusteella luotu p\u00e4\u00e4tt\u00e4j\u00e4profiili<\/li>\n\n\n\n<li>Verkkosivuilla vierailun yhteydess\u00e4 tallennetut tiedot<\/li>\n\n\n\n<li>Mahdolliset muut rekisterin k\u00e4ytt\u00f6tarkoituksen kannalta tarpeelliset tiedot<\/li>\n<\/ul>\n\n\n\n<p><strong>S\u00e4\u00e4nn\u00f6nmukaiset tietol\u00e4hteet <\/strong>&nbsp;<\/p>\n\n\n\n<p>Verkkosivuilta ker\u00e4tty data tallentuu palvelimelle vierailun yhteydess\u00e4. Strongest Group k\u00e4ytt\u00e4\u00e4 ev\u00e4steit\u00e4 ker\u00e4t\u00e4kseen verkkosivustojen k\u00e4ytt\u00f6\u00f6n liittyvi\u00e4 tietoja. Ev\u00e4steiden k\u00e4sittely perustuu verkkosivuston mukauttamiseen sen k\u00e4ytt\u00e4jien eduksi.<\/p>\n\n\n\n<p>Asiakkaan perustiedot tallennetaan s\u00e4\u00e4nn\u00f6nmukaisesti asiakkaan tekem\u00e4st\u00e4 yhteydenottopyynn\u00f6st\u00e4, puhelinsoitosta tai muista vastaavista asiakassuhteen aikana rekisterinpit\u00e4j\u00e4lle tehdyist\u00e4 ilmoituksista.<\/p>\n\n\n\n<p>Henkil\u00f6tietoja ker\u00e4t\u00e4\u00e4n my\u00f6s Rekisterinpit\u00e4j\u00e4n aloitteesta suoritetuista puheluista, s\u00e4hk\u00f6postikeskusteluista ja muista keskusteluista.<\/p>\n\n\n\n<p>Henkil\u00f6tietoja voidaan ker\u00e4t\u00e4 ja p\u00e4ivitt\u00e4\u00e4 my\u00f6s yleisesti saatavilla olevista tietol\u00e4hteist\u00e4 esimerkiksi yritysten verkkosivuilta sek\u00e4 palveluntarjoajilta, julkisista ja yksityisist\u00e4 rekistereist\u00e4<\/p>\n\n\n\n<p><strong>Tietojen luovutus<\/strong><\/p>\n\n\n\n<p>Tietoja ei siirret\u00e4 Euroopan unionin tai Euroopan talousalueen ulkopuolelle, ellei se ole palvelun toteuttamisen vuoksi tarpeellista. T\u00e4ll\u00f6inkin Strongest Group huolehtii riitt\u00e4v\u00e4st\u00e4 tietosuojan tasosta lains\u00e4\u00e4d\u00e4nn\u00f6n edellytt\u00e4m\u00e4ll\u00e4 tavalla mm. hy\u00f6dynt\u00e4m\u00e4ll\u00e4 EU:n mallilausekkeita tietojen siirrosta kolmansiin maihin.<\/p>\n\n\n\n<p>Henkil\u00f6tietojen k\u00e4sittely\u00e4 voidaan tehd\u00e4 Euroopan unionin tai Euroopan talousalueen ulkopuolella, mik\u00e4li se on palvelun toteuttamisen vuoksi tarpeellista. T\u00e4ll\u00f6inkin Strongest Group huolehtii riitt\u00e4v\u00e4st\u00e4 tietosuojan tasosta lains\u00e4\u00e4d\u00e4nn\u00f6n edellytt\u00e4m\u00e4ll\u00e4 tavalla mm. hy\u00f6dynt\u00e4m\u00e4ll\u00e4 EU:n mallilausekkeita tietojen siirrosta kolmansiin maihin, sek\u00e4 noudattamalla riitt\u00e4v\u00e4st\u00e4 tietoturvasta.<\/p>\n\n\n\n<p>Henkil\u00f6tietoja voidaan luovuttaa Strongest Groupin asiakkaille perustuen Strongest groupin liiketoimintaan ja sen ja asiakkaan v\u00e4lill\u00e4 olevan toimeksiantosopimuksen perusteella. Asiakkaat ovat sitoutuneet noudattamaan soveltuvaa lains\u00e4\u00e4d\u00e4nt\u00f6\u00e4 ja osapuolten v\u00e4list\u00e4 yhteist\u00e4 sopimusta henkil\u00f6tietojen k\u00e4sittelyst\u00e4. tietojen Luovutettavia tietoja voivat olla mm. nimi, titteli, yritys, tallenne henkil\u00f6n kanssa k\u00e4ydyst\u00e4 keskustelusta, yhteenveto henkil\u00f6n kanssa k\u00e4ydyst\u00e4 keskustelusta tai muu asiakkaan kannalta relevantti rekister\u00f6ity henkil\u00f6tieto.<\/p>\n\n\n\n<p>Strongest Group voi k\u00e4ytt\u00e4\u00e4 alihankkijoita tietojen k\u00e4sittelyss\u00e4.<\/p>\n\n\n\n<p><strong>Rekisterin s\u00e4ilytysaika ja tietojen poistaminen<\/strong><\/p>\n\n\n\n<p>Henkil\u00f6tietoja s\u00e4ilytet\u00e4\u00e4n niin kauan kuin se on henkil\u00f6tiedon k\u00e4ytt\u00f6tarkoituksen vuoksi tarpeellista. Tietoja voidaan poistaa asiakkaan vaatimuksesta tai asiakassuhteen loppumisen vuoksi.<\/p>\n\n\n\n<p><strong>Rekisterin suojaus <\/strong>&nbsp;<\/p>\n\n\n\n<p>Strongest Group noudattaa tiukasti s\u00e4\u00e4nnelty\u00e4 vaitiolovelvollisuutta. Yksitt\u00e4ist\u00e4 asiakasta koskevat tiedot ilmoitetaan ainoastaan lakiin perustuvan ilmoitusvelvollisuuden johdosta, esimerkiksi asiakkaan omasta tai viranomaisen lakiin perustuvasta pyynn\u00f6st\u00e4.<\/p>\n\n\n\n<p>Asianmukainen varmistetaan Strongest Groupin tietoturvaohjeen mukaisin toimenpitein.<\/p>\n\n\n\n<p><strong>S\u00e4hk\u00f6isesti tallennetut tiedot<\/strong><\/p>\n\n\n\n<p>Ainoastaan Strongest Groupin toimeksiannosta ja lukuun toimivien yritysten ty\u00f6ntekij\u00f6ill\u00e4 on oikeus k\u00e4ytt\u00e4\u00e4 asiakasrekisteri\u00e4 ja yll\u00e4pit\u00e4\u00e4 rekisterin tietoja. Kullakin m\u00e4\u00e4ritellyll\u00e4 k\u00e4ytt\u00e4j\u00e4ll\u00e4 on oma k\u00e4ytt\u00e4j\u00e4tunnus ja salasana. J\u00e4rjestelm\u00e4 on suojattu palomuurilla ja muilla teknisill\u00e4 keinoilla, jotka suojaavat Strongest Gropupin ulkopuolelta tulevia yhteydenottoja j\u00e4rjestelm\u00e4\u00e4n.<\/p>\n\n\n\n<p><strong>Rekister\u00f6idyn oikeudet<\/strong><\/p>\n\n\n\n<p>Rekister\u00f6idyll\u00e4 on seuraavat oikeudet:<\/p>\n\n\n\n<ul class=\"wp-block-list\">\n<li>Saada tietoa henkil\u00f6tietojensa k\u00e4sittelyst\u00e4<\/li>\n\n\n\n<li>Saada tutustua tietoihin<\/li>\n\n\n\n<li>Oikaista tietoja<\/li>\n\n\n\n<li>Poistaa tiedot ja tulla unohdetuksi<\/li>\n\n\n\n<li>Rajoittaa tietojen k\u00e4sittely\u00e4<\/li>\n\n\n\n<li>Siirt\u00e4\u00e4 tiedot j\u00e4rjestelm\u00e4st\u00e4 toiseen<\/li>\n\n\n\n<li>Vastustaa tietojen k\u00e4sittely\u00e4<\/li>\n\n\n\n<li>Olla joutumatta automaattisen p\u00e4\u00e4t\u00f6ksenteon kohteeksi.<\/li>\n<\/ul>\n\n\n\n<p>Vain rekister\u00f6idyll\u00e4 on oikeus tarkastaa henkil\u00f6tietonsa. Tiedonsaantioikeutta ja oikeutta tietojen oikaisemiseen voidaan k\u00e4ytt\u00e4\u00e4 l\u00e4hett\u00e4m\u00e4ll\u00e4 kirjallinen pyynt\u00f6 rekisterinpit\u00e4j\u00e4lle. Rekisterinpit\u00e4j\u00e4 voi antaa rekister\u00f6idylle mahdollisuuden tutustua asiakirjoihin ja tietoihin tai toimittaa tiedot kirjallisesti rekister\u00f6idylle ilman aiheetonta viivytyst\u00e4. Pyynt\u00f6\u00f6n on vastattava mahdollisimman pian ja tiedot on l\u00e4hetett\u00e4v\u00e4 rekister\u00f6idylle kuukauden kuluessa.&nbsp;<\/p>\n\n\n\n<p>Rekister\u00f6idyn oikeuksista poiketaan vain lain velvoittamasta syyst\u00e4. K\u00e4ytt\u00e4\u00e4kseen oikeuksiaan rekister\u00f6idyn tulee olla yhteydess\u00e4 s\u00e4hk\u00f6postitse tietosuoja@strongest.fi&nbsp;<\/p>\n","protected":false},"excerpt":{"rendered":"<p>Tietosuojalain (5.12.2018\/1050.) ja EU:n tietosuoja-asetuksen (2016\/679) mukainen yhdistetty rekisteri- ja tietosuojaseloste. Rekisterinpit\u00e4j\u00e4 Strongest Group Oy (j\u00e4ljemp\u00e4n\u00e4 \u201cStrongest Group\u201d) Y-tunnus 3214681-3 3214681-3 It\u00e4merenkatu 1, 00180 Helsinki&nbsp; Yhteystiedot rekisteri\u00e4 koskevissa asioissa Strongest Groupin tietosuojavastaava:[AA1] &nbsp;tietosuoja@strongest.fi Rekisterin nimi Strongest Groupin p\u00e4\u00e4tt\u00e4j\u00e4tietorekisteri Rekisterin k\u00e4ytt\u00f6tarkoitus&nbsp; Henkil\u00f6tietoja voidaan k\u00e4ytt\u00e4\u00e4 seuraaviin muihin lain ja suostumusten mukaisiin k\u00e4ytt\u00f6tarkoituksiin: \u00b7&nbsp; &nbsp; &nbsp; &nbsp; Henkil\u00f6tietoja [&#8230;]\n","protected":false},"author":2,"featured_media":0,"parent":0,"menu_order":0,"comment_status":"closed","ping_status":"open","template":"","meta":{"content-type":"","inline_featured_image":false,"_monsterinsights_skip_tracking":false,"_monsterinsights_sitenote_active":false,"_monsterinsights_sitenote_note":"","_monsterinsights_sitenote_category":0,"footnotes":""},"class_list":["post-3","page","type-page","status-publish","hentry"],"yoast_head":"<!-- This site is optimized with the Yoast SEO plugin v27.3 - https:\/\/yoast.com\/product\/yoast-seo-wordpress\/ -->\n<title>Tietosuojaseloste - Strongest<\/title>\n<meta name=\"robots\" content=\"index, follow, max-snippet:-1, max-image-preview:large, max-video-preview:-1\" \/>\n<link rel=\"canonical\" href=\"https:\/\/strongest.fi\/en\/tietosuojaseloste\/\" \/>\n<meta property=\"og:locale\" content=\"en_US\" \/>\n<meta property=\"og:type\" content=\"article\" \/>\n<meta property=\"og:title\" content=\"Tietosuojaseloste - Strongest\" \/>\n<meta property=\"og:description\" content=\"Tietosuojalain (5.12.2018\/1050.) ja EU:n tietosuoja-asetuksen (2016\/679) mukainen yhdistetty rekisteri- ja tietosuojaseloste. Rekisterinpit\u00e4j\u00e4 Strongest Group Oy (j\u00e4ljemp\u00e4n\u00e4 \u201cStrongest Group\u201d) Y-tunnus 3214681-3 3214681-3 It\u00e4merenkatu 1, 00180 Helsinki&nbsp; Yhteystiedot rekisteri\u00e4 koskevissa asioissa Strongest Groupin tietosuojavastaava:[AA1] &nbsp;tietosuoja@strongest.fi Rekisterin nimi Strongest Groupin p\u00e4\u00e4tt\u00e4j\u00e4tietorekisteri Rekisterin k\u00e4ytt\u00f6tarkoitus&nbsp; Henkil\u00f6tietoja voidaan k\u00e4ytt\u00e4\u00e4 seuraaviin muihin lain ja suostumusten mukaisiin k\u00e4ytt\u00f6tarkoituksiin: \u00b7&nbsp; &nbsp; &nbsp; &nbsp; Henkil\u00f6tietoja [...]\" \/>\n<meta property=\"og:url\" content=\"https:\/\/strongest.fi\/en\/tietosuojaseloste\/\" \/>\n<meta property=\"og:site_name\" content=\"Strongest\" \/>\n<meta property=\"article:modified_time\" content=\"2023-04-03T06:49:08+00:00\" \/>\n<meta name=\"twitter:card\" content=\"summary_large_image\" \/>\n<meta name=\"twitter:label1\" content=\"Est. reading time\" \/>\n\t<meta name=\"twitter:data1\" content=\"4 minutes\" \/>\n<script type=\"application\/ld+json\" class=\"yoast-schema-graph\">{\"@context\":\"https:\\\/\\\/schema.org\",\"@graph\":[{\"@type\":\"WebPage\",\"@id\":\"https:\\\/\\\/strongest.fi\\\/tietosuojaseloste\\\/\",\"url\":\"https:\\\/\\\/strongest.fi\\\/tietosuojaseloste\\\/\",\"name\":\"Tietosuojaseloste - Strongest\",\"isPartOf\":{\"@id\":\"https:\\\/\\\/strongest.fi\\\/#website\"},\"datePublished\":\"2022-10-18T10:51:18+00:00\",\"dateModified\":\"2023-04-03T06:49:08+00:00\",\"breadcrumb\":{\"@id\":\"https:\\\/\\\/strongest.fi\\\/tietosuojaseloste\\\/#breadcrumb\"},\"inLanguage\":\"en-US\",\"potentialAction\":[{\"@type\":\"ReadAction\",\"target\":[\"https:\\\/\\\/strongest.fi\\\/tietosuojaseloste\\\/\"]}]},{\"@type\":\"BreadcrumbList\",\"@id\":\"https:\\\/\\\/strongest.fi\\\/tietosuojaseloste\\\/#breadcrumb\",\"itemListElement\":[{\"@type\":\"ListItem\",\"position\":1,\"name\":\"Etusivu\",\"item\":\"https:\\\/\\\/strongest.fi\\\/\"},{\"@type\":\"ListItem\",\"position\":2,\"name\":\"Tietosuojaseloste\"}]},{\"@type\":\"WebSite\",\"@id\":\"https:\\\/\\\/strongest.fi\\\/#website\",\"url\":\"https:\\\/\\\/strongest.fi\\\/\",\"name\":\"Strongest Group\",\"description\":\"B2B asiakashankinnan asiantuntijatalo\",\"potentialAction\":[{\"@type\":\"SearchAction\",\"target\":{\"@type\":\"EntryPoint\",\"urlTemplate\":\"https:\\\/\\\/strongest.fi\\\/?s={search_term_string}\"},\"query-input\":{\"@type\":\"PropertyValueSpecification\",\"valueRequired\":true,\"valueName\":\"search_term_string\"}}],\"inLanguage\":\"en-US\"}]}<\/script>\n<!-- \/ Yoast SEO plugin. -->","yoast_head_json":{"title":"Tietosuojaseloste - Strongest","robots":{"index":"index","follow":"follow","max-snippet":"max-snippet:-1","max-image-preview":"max-image-preview:large","max-video-preview":"max-video-preview:-1"},"canonical":"https:\/\/strongest.fi\/en\/tietosuojaseloste\/","og_locale":"en_US","og_type":"article","og_title":"Tietosuojaseloste - Strongest","og_description":"Tietosuojalain (5.12.2018\/1050.) ja EU:n tietosuoja-asetuksen (2016\/679) mukainen yhdistetty rekisteri- ja tietosuojaseloste. Rekisterinpit\u00e4j\u00e4 Strongest Group Oy (j\u00e4ljemp\u00e4n\u00e4 \u201cStrongest Group\u201d) Y-tunnus 3214681-3 3214681-3 It\u00e4merenkatu 1, 00180 Helsinki&nbsp; Yhteystiedot rekisteri\u00e4 koskevissa asioissa Strongest Groupin tietosuojavastaava:[AA1] &nbsp;tietosuoja@strongest.fi Rekisterin nimi Strongest Groupin p\u00e4\u00e4tt\u00e4j\u00e4tietorekisteri Rekisterin k\u00e4ytt\u00f6tarkoitus&nbsp; Henkil\u00f6tietoja voidaan k\u00e4ytt\u00e4\u00e4 seuraaviin muihin lain ja suostumusten mukaisiin k\u00e4ytt\u00f6tarkoituksiin: \u00b7&nbsp; &nbsp; &nbsp; &nbsp; Henkil\u00f6tietoja [...]","og_url":"https:\/\/strongest.fi\/en\/tietosuojaseloste\/","og_site_name":"Strongest","article_modified_time":"2023-04-03T06:49:08+00:00","twitter_card":"summary_large_image","twitter_misc":{"Est. reading time":"4 minutes"},"schema":{"@context":"https:\/\/schema.org","@graph":[{"@type":"WebPage","@id":"https:\/\/strongest.fi\/tietosuojaseloste\/","url":"https:\/\/strongest.fi\/tietosuojaseloste\/","name":"Tietosuojaseloste - Strongest","isPartOf":{"@id":"https:\/\/strongest.fi\/#website"},"datePublished":"2022-10-18T10:51:18+00:00","dateModified":"2023-04-03T06:49:08+00:00","breadcrumb":{"@id":"https:\/\/strongest.fi\/tietosuojaseloste\/#breadcrumb"},"inLanguage":"en-US","potentialAction":[{"@type":"ReadAction","target":["https:\/\/strongest.fi\/tietosuojaseloste\/"]}]},{"@type":"BreadcrumbList","@id":"https:\/\/strongest.fi\/tietosuojaseloste\/#breadcrumb","itemListElement":[{"@type":"ListItem","position":1,"name":"Etusivu","item":"https:\/\/strongest.fi\/"},{"@type":"ListItem","position":2,"name":"Tietosuojaseloste"}]},{"@type":"WebSite","@id":"https:\/\/strongest.fi\/#website","url":"https:\/\/strongest.fi\/","name":"Strongest Group","description":"B2B asiakashankinnan asiantuntijatalo","potentialAction":[{"@type":"SearchAction","target":{"@type":"EntryPoint","urlTemplate":"https:\/\/strongest.fi\/?s={search_term_string}"},"query-input":{"@type":"PropertyValueSpecification","valueRequired":true,"valueName":"search_term_string"}}],"inLanguage":"en-US"}]}},"_links":{"self":[{"href":"https:\/\/strongest.fi\/en\/wp-json\/wp\/v2\/pages\/3","targetHints":{"allow":["GET"]}}],"collection":[{"href":"https:\/\/strongest.fi\/en\/wp-json\/wp\/v2\/pages"}],"about":[{"href":"https:\/\/strongest.fi\/en\/wp-json\/wp\/v2\/types\/page"}],"author":[{"embeddable":true,"href":"https:\/\/strongest.fi\/en\/wp-json\/wp\/v2\/users\/2"}],"replies":[{"embeddable":true,"href":"https:\/\/strongest.fi\/en\/wp-json\/wp\/v2\/comments?post=3"}],"version-history":[{"count":4,"href":"https:\/\/strongest.fi\/en\/wp-json\/wp\/v2\/pages\/3\/revisions"}],"predecessor-version":[{"id":754,"href":"https:\/\/strongest.fi\/en\/wp-json\/wp\/v2\/pages\/3\/revisions\/754"}],"wp:attachment":[{"href":"https:\/\/strongest.fi\/en\/wp-json\/wp\/v2\/media?parent=3"}],"curies":[{"name":"wp","href":"https:\/\/api.w.org\/{rel}","templated":true}]}}